{"id":15642,"date":"2021-12-17T01:15:30","date_gmt":"2021-12-17T00:15:30","guid":{"rendered":"https:\/\/www.avise.be\/information-relative-aux-cookies\/"},"modified":"2023-03-15T16:58:30","modified_gmt":"2023-03-15T15:58:30","slug":"cookiebeleid","status":"publish","type":"page","link":"https:\/\/www.avise.be\/nl\/cookiebeleid\/","title":{"rendered":"Cookiebeleid"},"content":{"rendered":"\t\t<div data-elementor-type=\"wp-page\" data-elementor-id=\"15642\" class=\"elementor elementor-15642 elementor-1774\">\n\t\t\t\t\t\t\t\t\t<section class=\"elementor-section elementor-top-section elementor-element elementor-element-7bb914bc elementor-section-full_width elementor-section-height-min-height elementor-section-height-default elementor-section-items-middle\" data-id=\"7bb914bc\" data-element_type=\"section\" data-settings=\"{&quot;background_background&quot;:&quot;classic&quot;}\">\n\t\t\t\t\t\t<div class=\"elementor-container elementor-column-gap-default\">\n\t\t\t\t\t<div class=\"elementor-column elementor-col-100 elementor-top-column elementor-element elementor-element-43e8f1b\" data-id=\"43e8f1b\" data-element_type=\"column\" data-settings=\"{&quot;background_background&quot;:&quot;classic&quot;}\">\n\t\t\t<div class=\"elementor-widget-wrap elementor-element-populated\">\n\t\t\t\t\t\t\t\t<div class=\"elementor-element elementor-element-9c67c6c elementor-widget elementor-widget-heading\" data-id=\"9c67c6c\" data-element_type=\"widget\" data-widget_type=\"heading.default\">\n\t\t\t\t<div class=\"elementor-widget-container\">\n\t\t\t<style>\/*! elementor - v3.13.3 - 28-05-2023 *\/\n.elementor-heading-title{padding:0;margin:0;line-height:1}.elementor-widget-heading .elementor-heading-title[class*=elementor-size-]>a{color:inherit;font-size:inherit;line-height:inherit}.elementor-widget-heading .elementor-heading-title.elementor-size-small{font-size:15px}.elementor-widget-heading .elementor-heading-title.elementor-size-medium{font-size:19px}.elementor-widget-heading .elementor-heading-title.elementor-size-large{font-size:29px}.elementor-widget-heading .elementor-heading-title.elementor-size-xl{font-size:39px}.elementor-widget-heading .elementor-heading-title.elementor-size-xxl{font-size:59px}<\/style><h1 class=\"elementor-heading-title elementor-size-default\">Cookiebeleid<\/h1>\t\t<\/div>\n\t\t\t\t<\/div>\n\t\t\t\t\t<\/div>\n\t\t<\/div>\n\t\t\t\t\t\t\t<\/div>\n\t\t<\/section>\n\t\t\t\t<section class=\"elementor-section elementor-top-section elementor-element elementor-element-2aa561ac elementor-section-full_width elementor-section-height-default elementor-section-height-default\" data-id=\"2aa561ac\" data-element_type=\"section\" data-settings=\"{&quot;background_background&quot;:&quot;classic&quot;}\">\n\t\t\t\t\t\t<div class=\"elementor-container elementor-column-gap-default\">\n\t\t\t\t\t<div class=\"elementor-column elementor-col-100 elementor-top-column elementor-element elementor-element-281f9884\" data-id=\"281f9884\" data-element_type=\"column\">\n\t\t\t<div class=\"elementor-widget-wrap elementor-element-populated\">\n\t\t\t\t\t\t\t\t<div class=\"elementor-element elementor-element-5a9c0f5c elementor-widget elementor-widget-heading\" data-id=\"5a9c0f5c\" data-element_type=\"widget\" data-widget_type=\"heading.default\">\n\t\t\t\t<div class=\"elementor-widget-container\">\n\t\t\t<h2 class=\"elementor-heading-title elementor-size-default\">Informatie over cookies<\/h2>\t\t<\/div>\n\t\t\t\t<\/div>\n\t\t\t\t<div class=\"elementor-element elementor-element-7987b7ad elementor-widget-divider--view-line elementor-widget elementor-widget-divider\" data-id=\"7987b7ad\" data-element_type=\"widget\" data-widget_type=\"divider.default\">\n\t\t\t\t<div class=\"elementor-widget-container\">\n\t\t\t<style>\/*! elementor - v3.13.3 - 28-05-2023 *\/\n.elementor-widget-divider{--divider-border-style:none;--divider-border-width:1px;--divider-color:#0c0d0e;--divider-icon-size:20px;--divider-element-spacing:10px;--divider-pattern-height:24px;--divider-pattern-size:20px;--divider-pattern-url:none;--divider-pattern-repeat:repeat-x}.elementor-widget-divider .elementor-divider{display:flex}.elementor-widget-divider .elementor-divider__text{font-size:15px;line-height:1;max-width:95%}.elementor-widget-divider .elementor-divider__element{margin:0 var(--divider-element-spacing);flex-shrink:0}.elementor-widget-divider .elementor-icon{font-size:var(--divider-icon-size)}.elementor-widget-divider .elementor-divider-separator{display:flex;margin:0;direction:ltr}.elementor-widget-divider--view-line_icon .elementor-divider-separator,.elementor-widget-divider--view-line_text .elementor-divider-separator{align-items:center}.elementor-widget-divider--view-line_icon .elementor-divider-separator:after,.elementor-widget-divider--view-line_icon .elementor-divider-separator:before,.elementor-widget-divider--view-line_text .elementor-divider-separator:after,.elementor-widget-divider--view-line_text .elementor-divider-separator:before{display:block;content:\"\";border-bottom:0;flex-grow:1;border-top:var(--divider-border-width) var(--divider-border-style) var(--divider-color)}.elementor-widget-divider--element-align-left .elementor-divider .elementor-divider-separator>.elementor-divider__svg:first-of-type{flex-grow:0;flex-shrink:100}.elementor-widget-divider--element-align-left .elementor-divider-separator:before{content:none}.elementor-widget-divider--element-align-left .elementor-divider__element{margin-left:0}.elementor-widget-divider--element-align-right .elementor-divider .elementor-divider-separator>.elementor-divider__svg:last-of-type{flex-grow:0;flex-shrink:100}.elementor-widget-divider--element-align-right .elementor-divider-separator:after{content:none}.elementor-widget-divider--element-align-right .elementor-divider__element{margin-right:0}.elementor-widget-divider:not(.elementor-widget-divider--view-line_text):not(.elementor-widget-divider--view-line_icon) .elementor-divider-separator{border-top:var(--divider-border-width) var(--divider-border-style) var(--divider-color)}.elementor-widget-divider--separator-type-pattern{--divider-border-style:none}.elementor-widget-divider--separator-type-pattern.elementor-widget-divider--view-line .elementor-divider-separator,.elementor-widget-divider--separator-type-pattern:not(.elementor-widget-divider--view-line) .elementor-divider-separator:after,.elementor-widget-divider--separator-type-pattern:not(.elementor-widget-divider--view-line) .elementor-divider-separator:before,.elementor-widget-divider--separator-type-pattern:not([class*=elementor-widget-divider--view]) .elementor-divider-separator{width:100%;min-height:var(--divider-pattern-height);-webkit-mask-size:var(--divider-pattern-size) 100%;mask-size:var(--divider-pattern-size) 100%;-webkit-mask-repeat:var(--divider-pattern-repeat);mask-repeat:var(--divider-pattern-repeat);background-color:var(--divider-color);-webkit-mask-image:var(--divider-pattern-url);mask-image:var(--divider-pattern-url)}.elementor-widget-divider--no-spacing{--divider-pattern-size:auto}.elementor-widget-divider--bg-round{--divider-pattern-repeat:round}.rtl .elementor-widget-divider .elementor-divider__text{direction:rtl}.e-con-inner>.elementor-widget-divider,.e-con>.elementor-widget-divider{width:var(--container-widget-width,100%);--flex-grow:var(--container-widget-flex-grow)}<\/style>\t\t<div class=\"elementor-divider\">\n\t\t\t<span class=\"elementor-divider-separator\">\n\t\t\t\t\t\t<\/span>\n\t\t<\/div>\n\t\t\t\t<\/div>\n\t\t\t\t<\/div>\n\t\t\t\t<div class=\"elementor-element elementor-element-3be5784b elementor-widget elementor-widget-text-editor\" data-id=\"3be5784b\" data-element_type=\"widget\" data-widget_type=\"text-editor.default\">\n\t\t\t\t<div class=\"elementor-widget-container\">\n\t\t\t<style>\/*! elementor - v3.13.3 - 28-05-2023 *\/\n.elementor-widget-text-editor.elementor-drop-cap-view-stacked .elementor-drop-cap{background-color:#69727d;color:#fff}.elementor-widget-text-editor.elementor-drop-cap-view-framed .elementor-drop-cap{color:#69727d;border:3px solid;background-color:transparent}.elementor-widget-text-editor:not(.elementor-drop-cap-view-default) .elementor-drop-cap{margin-top:8px}.elementor-widget-text-editor:not(.elementor-drop-cap-view-default) .elementor-drop-cap-letter{width:1em;height:1em}.elementor-widget-text-editor .elementor-drop-cap{float:left;text-align:center;line-height:1;font-size:50px}.elementor-widget-text-editor .elementor-drop-cap-letter{display:inline-block}<\/style>\t\t\t\t<p style=\"text-align: justify;\">Zoals veel websites, kunnen onze website\u00a0<a href=\"http:\/\/www.avise.be\/\">www.avise.be<\/a>\u00a0en alle websites die verband houden met Foyer, informatie opslaan of verzamelen uit uw web-browser als gebruiker, meestal in de vorm van cookies.<\/p><p style=\"text-align: justify;\">Door de websites van Foyer te bezoeken, aanvaardt de gebruiker het cookiebeleid. De gebruiker moet ook toestemming geven voor het opslaan van cookies op zijn desktop, wat inhoudt dat cookies tijdelijk worden bewaard in een daarvoor bestemde ruimte.<\/p><p style=\"text-align: justify;\">Cookies zijn kleine, vaak versleutelde tekstbestanden die zich in browsermappen bevinden (browsercookies of tracking cookies). Cookies worden gebruikt in het belang van de gebruiker om zijn navigatie op de website te verbeteren en bepaalde acties, zoals de optimalisatie van de website, uit te voeren. Cookies maken het ook mogelijk om de gebruiker van de website te herkennen.<\/p><p style=\"text-align: justify;\">Het uitschakelen van cookies kan de toegang tot en het gebruik van de website\u00a0<a href=\"http:\/\/www.avise.be\/\">www.avise.be<\/a> onmogelijk maken. Indien u het opslaan van cookies op uw desktop weigert, of indien u de daar opgeslagen cookies verwijdert, zullen een aantal functionaliteiten niet langer toegankelijk en\/of bruikbaar zijn. Deze functionaliteiten kunnen echter essentieel zijn om bepaalde pagina\u2019s van onze website te kunnen bezoeken. Foyer wijst alle verantwoordelijkheid af voor de gevolgen die voortvloeien uit een gewijzigde, verslechterde of onmogelijke werking van de website en aanverwante diensten vanwege de vrijwillige verwijdering door de gebruiker van cookies of zijn weigering van het opslaan ervan.<\/p><p style=\"text-align: justify;\">Foyer verbindt zich ertoe de privacy van de gebruiker van haar website te eerbiedigen door niet toe te staan dat cookies worden gekoppeld aan informatie waarmee de gebruiker persoonlijk kan worden ge\u00efdentificeerd. De gebruiker kan aldus niet worden ge\u00efdentificeerd aan de hand van zijn persoonlijk adres, geboortedatum, naam of andere persoonlijke gegevens. Foyer verbindt zich er ook toe om geen informatie te verstrekken aan adverteerders of andere websites, en om de anonimisering van cookiegegevens te garanderen.<\/p><p style=\"text-align: justify;\">Google Analytics<\/p><p style=\"text-align: justify;\">Deze website maakt gebruik van Google Analytics.<\/p><p style=\"text-align: justify;\">Google maakt gebruikt van cookies die op de computer van de gebruiker worden opgeslagen en die het mogelijk maken om zijn gebruik van de website te analyseren.<\/p><p style=\"text-align: justify;\">Google Analytics verzamelt de informatie anoniem. De statistieken van de website bevatten geen persoonlijke aanwijzingen met betrekking tot de gebruikers van de website. De gebruikte cookies zijn dubbelklik-cookies die bedoeld zijn om de gegevens door te geven aan derden die ze verwerken om remarketing mogelijk te maken voor producten zoals AdWords in het Google-netwerk. In cookies wordt informatie zoals bijvoorbeeld bezoektijden opgeslagen. Daarbij komt nog aanvullende informatie: is dit het eerste bezoek van de gebruiker, welke informatie over de website heeft de gebruiker naar de webpagina geleid, enz. De door de cookies verstrekte informatie wordt doorgegeven aan een Google-server in de Verenigde Staten en wordt daar opgeslagen. Google kan deze informatie eventueel aan derden doorgeven indien Google hiertoe wettelijk wordt verplicht of wanneer derden deze gegevens voor rekening van Google verwerken. Google voldoet aan de gegevensbeschermingsbepalingen van de US Safe Harbor (veilige haven) en is aangesloten bij het Safe Harbor-programma van het Amerikaanse Ministerie van Handel. Voor Google Adwords Conversion Tracking wordt een cookie gebruikt om de prestaties te bepalen zodra u op een AdWords-advertentie heeft geklikt.<\/p><p style=\"text-align: justify;\">Persoonlijke gegevens waarmee de de gebruikers van de website zouden kunnen worden ge\u00efdentificeerd, worden op geen enkele manier door dit systeem verzameld of opgeslagen. Het verzamelen en opslaan van gegevens kan te allen tijde worden onderbroken. U kunt het gebruik van cookies voor Google Adwords Conversion Tracking en Google Remarketing vinden op\u00a0<a href=\"http:\/\/www.google.com\/settings\/ads\/anonymous?hl=fr&amp;sig=ACi0TCj5dAJyZOllauin3Az5xkd_QHygrO3qCYBqJT0OO6BLkLvWxc_OQq-s667zgmnGH7_4Pf7KsJjS0aw6v_yHf3DJpLSsjw\">www.google.com\/ads\/preferences<\/a>\u00a0en uitschakelen via\u00a0<a href=\"http:\/\/www.networkadvertising.org\/managing\/opt_out.asp\">www.networkadvertising.org\/managing\/opt_out.asp<\/a>.<\/p><p style=\"text-align: justify;\">Indien de gebruiker Google Analytics wil deactiveren, moet hij de add-on voor zijn browser installeren die beschikbaar is op\u00a0<a href=\"https:\/\/tools.google.com\/dlpage\/gaoptout?hl=fr\">https:\/\/tools.google.com\/dlpage\/gaoptout?hl=en<\/a>\u00a0.<\/p><p style=\"text-align: justify;\">Door gebruik te maken van deze website stemt de gebruiker in met het opslaan en de verwerking van gegevens over hem voor het bovengenoemde doel. Aanvullende informatie over adverteren op Google en gegevensbescherming vindt u op\u00a0<a href=\"http:\/\/www.google.lu\/intl\/fr\/policies\/technologies\/ads\/\">http:\/\/www.google.lu\/intl\/fr\/policies\/technologies\/ads\/<\/a><\/p><p style=\"text-align: justify;\">\u00a0<\/p>\t\t\t\t\t\t<\/div>\n\t\t\t\t<\/div>\n\t\t\t\t\t<\/div>\n\t\t<\/div>\n\t\t\t\t\t\t\t<\/div>\n\t\t<\/section>\n\t\t\t\t\t\t\t<\/div>\n\t\t","protected":false},"excerpt":{"rendered":"<p>Cookiebeleid Informatie over cookies Zoals veel websites, kunnen onze website\u00a0www.avise.be\u00a0en alle websites die verband houden met Foyer, informatie opslaan of verzamelen uit uw web-browser als gebruiker, meestal in de vorm van cookies. Door de websites van Foyer te bezoeken, aanvaardt de gebruiker het cookiebeleid. De gebruiker moet ook toestemming geven voor het opslaan van cookies [&hellip;]<\/p>\n","protected":false},"author":1,"featured_media":0,"parent":0,"menu_order":0,"comment_status":"closed","ping_status":"closed","template":"elementor_header_footer","meta":{"site-sidebar-layout":"no-sidebar","site-content-layout":"page-builder","ast-site-content-layout":"","site-content-style":"default","site-sidebar-style":"default","ast-global-header-display":"","ast-banner-title-visibility":"","ast-main-header-display":"","ast-hfb-above-header-display":"disabled","ast-hfb-below-header-display":"","ast-hfb-mobile-header-display":"disabled","site-post-title":"disabled","ast-breadcrumbs-content":"disabled","ast-featured-img":"disabled","footer-sml-layout":"","theme-transparent-header-meta":"default","adv-header-id-meta":"","stick-header-meta":"","header-above-stick-meta":"","header-main-stick-meta":"","header-below-stick-meta":"","astra-migrate-meta-layouts":"default","ast-page-background-enabled":"default","ast-page-background-meta":{"desktop":{"background-color":"var(--ast-global-color-4)","background-image":"","background-repeat":"repeat","background-position":"center center","background-size":"auto","background-attachment":"scroll","background-type":"","background-media":"","overlay-type":"","overlay-color":"","overlay-gradient":""},"tablet":{"background-color":"","background-image":"","background-repeat":"repeat","background-position":"center center","background-size":"auto","background-attachment":"scroll","background-type":"","background-media":"","overlay-type":"","overlay-color":"","overlay-gradient":""},"mobile":{"background-color":"","background-image":"","background-repeat":"repeat","background-position":"center center","background-size":"auto","background-attachment":"scroll","background-type":"","background-media":"","overlay-type":"","overlay-color":"","overlay-gradient":""}},"ast-content-background-meta":{"desktop":{"background-color":"var(--ast-global-color-5)","background-image":"","background-repeat":"repeat","background-position":"center center","background-size":"auto","background-attachment":"scroll","background-type":"","background-media":"","overlay-type":"","overlay-color":"","overlay-gradient":""},"tablet":{"background-color":"var(--ast-global-color-5)","background-image":"","background-repeat":"repeat","background-position":"center center","background-size":"auto","background-attachment":"scroll","background-type":"","background-media":"","overlay-type":"","overlay-color":"","overlay-gradient":""},"mobile":{"background-color":"var(--ast-global-color-5)","background-image":"","background-repeat":"repeat","background-position":"center center","background-size":"auto","background-attachment":"scroll","background-type":"","background-media":"","overlay-type":"","overlay-color":"","overlay-gradient":""}}},"yoast_head":"<!-- This site is optimized with the Yoast SEO plugin v20.9 - https:\/\/yoast.com\/wordpress\/plugins\/seo\/ -->\n<title>Cookiebeleid - Avise<\/title>\n<meta name=\"description\" content=\"Bij Avise gebruiken we cookies om de functionaliteit van onze site te verbeteren. Hier is een samenvatting van hoe en waarom we ze gebruiken.\" \/>\n<meta name=\"robots\" content=\"index, follow, max-snippet:-1, max-image-preview:large, max-video-preview:-1\" \/>\n<link rel=\"canonical\" href=\"https:\/\/www.avise.be\/nl\/cookiebeleid\/\" \/>\n<meta property=\"og:locale\" content=\"nl_NL\" \/>\n<meta property=\"og:type\" content=\"article\" \/>\n<meta property=\"og:title\" content=\"Cookiebeleid - Avise\" \/>\n<meta property=\"og:description\" content=\"Chez Avise l&#039;utilisation des donn\u00e9es personnelles est un enjeu majeur. Ici un r\u00e9sum\u00e9 de comment et pourquoi nous utilisons des cookies.\" \/>\n<meta property=\"og:url\" content=\"https:\/\/www.avise.be\/nl\/cookiebeleid\/\" \/>\n<meta property=\"og:site_name\" content=\"Avise\" \/>\n<meta property=\"article:modified_time\" content=\"2023-03-15T15:58:30+00:00\" \/>\n<meta property=\"og:image\" content=\"https:\/\/www.avise.be\/wp-content\/uploads\/2022\/03\/ordinateur-1.jpg\" \/>\n\t<meta property=\"og:image:width\" content=\"660\" \/>\n\t<meta property=\"og:image:height\" content=\"430\" \/>\n\t<meta property=\"og:image:type\" content=\"image\/jpeg\" \/>\n<meta name=\"twitter:card\" content=\"summary_large_image\" \/>\n<meta name=\"twitter:label1\" content=\"Est. reading time\" \/>\n\t<meta name=\"twitter:data1\" content=\"4 minutes\" \/>\n<script type=\"application\/ld+json\" class=\"yoast-schema-graph\">{\"@context\":\"https:\/\/schema.org\",\"@graph\":[{\"@type\":\"WebPage\",\"@id\":\"https:\/\/www.avise.be\/nl\/cookiebeleid\/\",\"url\":\"https:\/\/www.avise.be\/nl\/cookiebeleid\/\",\"name\":\"Cookiebeleid - Avise\",\"isPartOf\":{\"@id\":\"https:\/\/www.avise.be\/#website\"},\"datePublished\":\"2021-12-17T00:15:30+00:00\",\"dateModified\":\"2023-03-15T15:58:30+00:00\",\"description\":\"Bij Avise gebruiken we cookies om de functionaliteit van onze site te verbeteren. Hier is een samenvatting van hoe en waarom we ze gebruiken.\",\"breadcrumb\":{\"@id\":\"https:\/\/www.avise.be\/nl\/cookiebeleid\/#breadcrumb\"},\"inLanguage\":\"nl-NL\",\"potentialAction\":[{\"@type\":\"ReadAction\",\"target\":[\"https:\/\/www.avise.be\/nl\/cookiebeleid\/\"]}]},{\"@type\":\"BreadcrumbList\",\"@id\":\"https:\/\/www.avise.be\/nl\/cookiebeleid\/#breadcrumb\",\"itemListElement\":[{\"@type\":\"ListItem\",\"position\":1,\"name\":\"Accueil\",\"item\":\"https:\/\/www.avise.be\/nl\/\"},{\"@type\":\"ListItem\",\"position\":2,\"name\":\"Cookiebeleid\"}]},{\"@type\":\"WebSite\",\"@id\":\"https:\/\/www.avise.be\/#website\",\"url\":\"https:\/\/www.avise.be\/\",\"name\":\"Avise\",\"description\":\"Agence de souscription en assurance\",\"publisher\":{\"@id\":\"https:\/\/www.avise.be\/#organization\"},\"potentialAction\":[{\"@type\":\"SearchAction\",\"target\":{\"@type\":\"EntryPoint\",\"urlTemplate\":\"https:\/\/www.avise.be\/?s={search_term_string}\"},\"query-input\":\"required name=search_term_string\"}],\"inLanguage\":\"nl-NL\"},{\"@type\":\"Organization\",\"@id\":\"https:\/\/www.avise.be\/#organization\",\"name\":\"Avise Foyer\",\"url\":\"https:\/\/www.avise.be\/\",\"logo\":{\"@type\":\"ImageObject\",\"inLanguage\":\"nl-NL\",\"@id\":\"https:\/\/www.avise.be\/#\/schema\/logo\/image\/\",\"url\":\"https:\/\/www.avise.be\/wp-content\/uploads\/2021\/11\/Logo-Avise-Foyer.svg\",\"contentUrl\":\"https:\/\/www.avise.be\/wp-content\/uploads\/2021\/11\/Logo-Avise-Foyer.svg\",\"width\":234,\"height\":118,\"caption\":\"Avise Foyer\"},\"image\":{\"@id\":\"https:\/\/www.avise.be\/#\/schema\/logo\/image\/\"}}]}<\/script>\n<!-- \/ Yoast SEO plugin. -->","yoast_head_json":{"title":"Cookiebeleid - Avise","description":"Bij Avise gebruiken we cookies om de functionaliteit van onze site te verbeteren. Hier is een samenvatting van hoe en waarom we ze gebruiken.","robots":{"index":"index","follow":"follow","max-snippet":"max-snippet:-1","max-image-preview":"max-image-preview:large","max-video-preview":"max-video-preview:-1"},"canonical":"https:\/\/www.avise.be\/nl\/cookiebeleid\/","og_locale":"nl_NL","og_type":"article","og_title":"Cookiebeleid - Avise","og_description":"Chez Avise l'utilisation des donn\u00e9es personnelles est un enjeu majeur. Ici un r\u00e9sum\u00e9 de comment et pourquoi nous utilisons des cookies.","og_url":"https:\/\/www.avise.be\/nl\/cookiebeleid\/","og_site_name":"Avise","article_modified_time":"2023-03-15T15:58:30+00:00","og_image":[{"width":660,"height":430,"url":"https:\/\/www.avise.be\/wp-content\/uploads\/2022\/03\/ordinateur-1.jpg","type":"image\/jpeg"}],"twitter_card":"summary_large_image","twitter_misc":{"Est. reading time":"4 minutes"},"schema":{"@context":"https:\/\/schema.org","@graph":[{"@type":"WebPage","@id":"https:\/\/www.avise.be\/nl\/cookiebeleid\/","url":"https:\/\/www.avise.be\/nl\/cookiebeleid\/","name":"Cookiebeleid - Avise","isPartOf":{"@id":"https:\/\/www.avise.be\/#website"},"datePublished":"2021-12-17T00:15:30+00:00","dateModified":"2023-03-15T15:58:30+00:00","description":"Bij Avise gebruiken we cookies om de functionaliteit van onze site te verbeteren. Hier is een samenvatting van hoe en waarom we ze gebruiken.","breadcrumb":{"@id":"https:\/\/www.avise.be\/nl\/cookiebeleid\/#breadcrumb"},"inLanguage":"nl-NL","potentialAction":[{"@type":"ReadAction","target":["https:\/\/www.avise.be\/nl\/cookiebeleid\/"]}]},{"@type":"BreadcrumbList","@id":"https:\/\/www.avise.be\/nl\/cookiebeleid\/#breadcrumb","itemListElement":[{"@type":"ListItem","position":1,"name":"Accueil","item":"https:\/\/www.avise.be\/nl\/"},{"@type":"ListItem","position":2,"name":"Cookiebeleid"}]},{"@type":"WebSite","@id":"https:\/\/www.avise.be\/#website","url":"https:\/\/www.avise.be\/","name":"Avise","description":"Agence de souscription en assurance","publisher":{"@id":"https:\/\/www.avise.be\/#organization"},"potentialAction":[{"@type":"SearchAction","target":{"@type":"EntryPoint","urlTemplate":"https:\/\/www.avise.be\/?s={search_term_string}"},"query-input":"required name=search_term_string"}],"inLanguage":"nl-NL"},{"@type":"Organization","@id":"https:\/\/www.avise.be\/#organization","name":"Avise Foyer","url":"https:\/\/www.avise.be\/","logo":{"@type":"ImageObject","inLanguage":"nl-NL","@id":"https:\/\/www.avise.be\/#\/schema\/logo\/image\/","url":"https:\/\/www.avise.be\/wp-content\/uploads\/2021\/11\/Logo-Avise-Foyer.svg","contentUrl":"https:\/\/www.avise.be\/wp-content\/uploads\/2021\/11\/Logo-Avise-Foyer.svg","width":234,"height":118,"caption":"Avise Foyer"},"image":{"@id":"https:\/\/www.avise.be\/#\/schema\/logo\/image\/"}}]}},"_links":{"self":[{"href":"https:\/\/www.avise.be\/nl\/wp-json\/wp\/v2\/pages\/15642"}],"collection":[{"href":"https:\/\/www.avise.be\/nl\/wp-json\/wp\/v2\/pages"}],"about":[{"href":"https:\/\/www.avise.be\/nl\/wp-json\/wp\/v2\/types\/page"}],"author":[{"embeddable":true,"href":"https:\/\/www.avise.be\/nl\/wp-json\/wp\/v2\/users\/1"}],"replies":[{"embeddable":true,"href":"https:\/\/www.avise.be\/nl\/wp-json\/wp\/v2\/comments?post=15642"}],"version-history":[{"count":7,"href":"https:\/\/www.avise.be\/nl\/wp-json\/wp\/v2\/pages\/15642\/revisions"}],"predecessor-version":[{"id":15920,"href":"https:\/\/www.avise.be\/nl\/wp-json\/wp\/v2\/pages\/15642\/revisions\/15920"}],"wp:attachment":[{"href":"https:\/\/www.avise.be\/nl\/wp-json\/wp\/v2\/media?parent=15642"}],"curies":[{"name":"wp","href":"https:\/\/api.w.org\/{rel}","templated":true}]}}